{"id":72,"date":"2024-07-24T14:56:21","date_gmt":"2024-07-24T17:56:21","guid":{"rendered":"https:\/\/marinhogoulartavaliacoes.com.br\/index.php\/colibri-wp\/"},"modified":"2024-07-26T13:55:54","modified_gmt":"2024-07-26T16:55:54","slug":"colibri-wp","status":"publish","type":"page","link":"https:\/\/marinhogoulartavaliacoes.com.br\/","title":{"rendered":"Front Page"},"content":{"rendered":"<div data-colibri-id=\"72-c1\" class=\"style-225 style-local-72-c1 position-relative\">\n  <!---->\n  <div data-colibri-component=\"section\" data-colibri-id=\"72-c2\" id=\"conteudo\" class=\"h-section h-section-global-spacing d-flex align-items-lg-center align-items-md-center align-items-center style-239 style-local-72-c2 position-relative\">\n    <!---->\n    <!---->\n    <div class=\"h-section-grid-container h-section-boxed-container\">\n      <!---->\n      <div data-colibri-id=\"72-c3\" class=\"h-row-container gutters-row-lg-0 gutters-row-md-0 gutters-row-2 gutters-row-v-lg-0 gutters-row-v-md-0 gutters-row-v-2 style-240 style-local-72-c3 position-relative\">\n        <!---->\n        <div class=\"h-row justify-content-lg-center justify-content-md-center justify-content-center align-items-lg-stretch align-items-md-stretch align-items-stretch gutters-col-lg-0 gutters-col-md-0 gutters-col-2 gutters-col-v-lg-0 gutters-col-v-md-0 gutters-col-v-2\">\n          <!---->\n          <div class=\"h-column h-column-container d-flex h-col-lg-3 h-col-md-3 h-col-12 style-241-outer style-local-72-c4-outer\">\n            <div data-colibri-id=\"72-c4\" class=\"d-flex h-flex-basis h-column__inner h-px-lg-3 h-px-md-3 h-px-2 v-inner-lg-3 v-inner-md-3 v-inner-2 style-241 style-local-72-c4 position-relative\">\n              <!---->\n              <!---->\n              <div class=\"w-100 h-y-container h-column__content h-column__v-align flex-basis-100 align-self-lg-center align-self-md-center align-self-center\">\n                <!---->\n                <div data-colibri-id=\"72-c5\" class=\"h-icon style-242 style-local-72-c5 position-relative h-element\">\n                  <!----><span class=\"h-svg-icon h-icon__icon style-242-icon style-local-72-c5-icon\"><!--Icon by Font Awesome (https:\/\/fontawesome.com)-->\n    <svg version=\"1.1\" xmlns=\"http:\/\/www.w3.org\/2000\/svg\" xmlns:xlink=\"http:\/\/www.w3.org\/1999\/xlink\" id=\"money\" viewBox=\"0 0 1920 1896.0833\">\n      <path d=\"M768 1152h384v-96h-128V608H910L762 745l77 80q42-37 55-57h2v288H768v96zm512-256q0 70-21 142t-59.5 134-101.5 101-138 39-138-39-101.5-101-59.5-134-21-142 21-142 59.5-134T822 519t138-39 138 39 101.5 101 59.5 134 21 142zm512 256V640q-106 0-181-75t-75-181H384q0 106-75 181t-181 75v512q106 0 181 75t75 181h1152q0-106 75-181t181-75zm128-832v1152q0 26-19 45t-45 19H64q-26 0-45-19t-19-45V320q0-26 19-45t45-19h1792q26 0 45 19t19 45z\"><\/path>\n    <\/svg><\/span><\/div>\n                <div data-colibri-id=\"72-c6\" class=\"h-global-transition-all h-heading style-243 style-local-72-c6 position-relative h-element\">\n                  <!---->\n                  <div class=\"h-heading__outer style-243 style-local-72-c6\">\n                    <!---->\n                    <!---->\n                    <h5 class=\"\">valor do im\u00f3vel<\/h5>\n                  <\/div>\n                <\/div>\n                <div data-colibri-id=\"72-c7\" class=\"h-text h-text-component style-244 style-local-72-c7 position-relative h-element\">\n                  <!---->\n                  <!---->\n                  <div class=\"\">\n                    <p>Avalia\u00e7\u00f5es de valor de acordo com a NBR 14.653<\/p>\n                  <\/div>\n                <\/div>\n              <\/div>\n            <\/div>\n          <\/div>\n          <div class=\"h-column h-column-container d-flex h-col-lg-3 h-col-md-3 h-col-12 style-241-outer style-local-72-c8-outer\">\n            <div data-colibri-id=\"72-c8\" class=\"d-flex h-flex-basis h-column__inner h-px-lg-3 h-px-md-3 h-px-2 v-inner-lg-3 v-inner-md-3 v-inner-2 style-241 style-local-72-c8 position-relative\">\n              <!---->\n              <!---->\n              <div class=\"w-100 h-y-container h-column__content h-column__v-align flex-basis-100 align-self-lg-center align-self-md-center align-self-center\">\n                <!---->\n                <div data-colibri-id=\"72-c9\" class=\"h-icon style-242 style-local-72-c9 position-relative h-element\">\n                  <!----><span class=\"h-svg-icon h-icon__icon style-242-icon style-local-72-c9-icon\"><!--Icon by Font Awesome (https:\/\/fontawesome.com)-->\n    <svg version=\"1.1\" xmlns=\"http:\/\/www.w3.org\/2000\/svg\" xmlns:xlink=\"http:\/\/www.w3.org\/1999\/xlink\" id=\"check\" viewBox=\"0 0 1792 1896.0833\">\n      <path d=\"M1671 566q0 40-28 68l-724 724-136 136q-28 28-68 28t-68-28l-136-136-362-362q-28-28-28-68t28-68l136-136q28-28 68-28t68 28l294 295 656-657q28-28 68-28t68 28l136 136q28 28 28 68z\"><\/path>\n    <\/svg><\/span><\/div>\n                <div data-colibri-id=\"72-c10\" class=\"h-global-transition-all h-heading style-243 style-local-72-c10 position-relative h-element\">\n                  <!---->\n                  <div class=\"h-heading__outer style-243 style-local-72-c10\">\n                    <!---->\n                    <!---->\n                    <h5 class=\"\">Laudos<\/h5>\n                  <\/div>\n                <\/div>\n                <div data-colibri-id=\"72-c11\" class=\"h-text h-text-component style-244 style-local-72-c11 position-relative h-element\">\n                  <!---->\n                  <!---->\n                  <div class=\"\">\n                    <p>Laudos de Avalia\u00e7\u00e3o de valor, Laudo de patologias e Laudo de Estado de Conserva\u00e7\u00e3o.<\/p>\n                  <\/div>\n                <\/div>\n              <\/div>\n            <\/div>\n          <\/div>\n          <div class=\"h-column h-column-container d-flex h-col-lg-3 h-col-md-3 h-col-12 style-241-outer style-local-72-c12-outer\">\n            <div data-colibri-id=\"72-c12\" class=\"d-flex h-flex-basis h-column__inner h-px-lg-3 h-px-md-3 h-px-2 v-inner-lg-3 v-inner-md-3 v-inner-2 style-241 style-local-72-c12 position-relative\">\n              <!---->\n              <!---->\n              <div class=\"w-100 h-y-container h-column__content h-column__v-align flex-basis-100 align-self-lg-center align-self-md-center align-self-center\">\n                <!---->\n                <div data-colibri-id=\"72-c13\" class=\"h-icon style-242 style-local-72-c13 position-relative h-element\">\n                  <!----><span class=\"h-svg-icon h-icon__icon style-242-icon style-local-72-c13-icon\"><!--Icon by Font Awesome (https:\/\/fontawesome.com)-->\n    <svg version=\"1.1\" xmlns=\"http:\/\/www.w3.org\/2000\/svg\" xmlns:xlink=\"http:\/\/www.w3.org\/1999\/xlink\" id=\"pencil\" viewBox=\"0 0 1536 1896.0833\">\n      <path d=\"M363 1536l91-91-235-235-91 91v107h128v128h107zm523-928q0-22-22-22-10 0-17 7l-542 542q-7 7-7 17 0 22 22 22 10 0 17-7l542-542q7-7 7-17zm-54-192l416 416-832 832H0v-416zm683 96q0 53-37 90l-166 166-416-416 166-165q36-38 90-38 53 0 91 38l235 234q37 39 37 91z\"><\/path>\n    <\/svg><\/span><\/div>\n                <div data-colibri-id=\"72-c14\" class=\"h-global-transition-all h-heading style-243 style-local-72-c14 position-relative h-element\">\n                  <!---->\n                  <div class=\"h-heading__outer style-243 style-local-72-c14\">\n                    <!---->\n                    <!---->\n                    <h5 class=\"\">vistorias<\/h5>\n                  <\/div>\n                <\/div>\n                <div data-colibri-id=\"72-c15\" class=\"h-text h-text-component style-244 style-local-72-c15 position-relative h-element\">\n                  <!---->\n                  <!---->\n                  <div class=\"\">\n                    <p>Vistoria por profissional habilitado para emiss\u00e3o dos laudos e CLCB<\/p>\n                  <\/div>\n                <\/div>\n              <\/div>\n            <\/div>\n          <\/div>\n          <div class=\"h-column h-column-container d-flex h-col-lg-3 h-col-md-3 h-col-12 style-245-outer style-local-72-c16-outer\">\n            <div data-colibri-id=\"72-c16\" class=\"d-flex h-flex-basis h-column__inner h-px-lg-3 h-px-md-3 h-px-2 v-inner-lg-3 v-inner-md-3 v-inner-2 style-245 style-local-72-c16 position-relative\">\n              <!---->\n              <!---->\n              <div class=\"w-100 h-y-container h-column__content h-column__v-align flex-basis-100 align-self-lg-center align-self-md-center align-self-center\">\n                <!---->\n                <div data-colibri-id=\"72-c17\" class=\"h-icon style-242 style-local-72-c17 position-relative h-element\">\n                  <!----><span class=\"h-svg-icon h-icon__icon style-242-icon style-local-72-c17-icon\"><!--Icon by Font Awesome (https:\/\/fontawesome.com)-->\n    <svg version=\"1.1\" xmlns=\"http:\/\/www.w3.org\/2000\/svg\" xmlns:xlink=\"http:\/\/www.w3.org\/1999\/xlink\" id=\"file-text-o\" viewBox=\"0 0 1611.2499 1896.0833\">\n      <path d=\"M1468 380q28 28 48 76t20 88v1152q0 40-28 68t-68 28H96q-40 0-68-28t-28-68V96q0-40 28-68T96 0h896q40 0 88 20t76 48zm-444-244v376h376q-10-29-22-41l-313-313q-12-12-41-22zm384 1528V640H992q-40 0-68-28t-28-68V128H128v1536h1280zM384 800q0-14 9-23t23-9h704q14 0 23 9t9 23v64q0 14-9 23t-23 9H416q-14 0-23-9t-9-23v-64zm736 224q14 0 23 9t9 23v64q0 14-9 23t-23 9H416q-14 0-23-9t-9-23v-64q0-14 9-23t23-9h704zm0 256q14 0 23 9t9 23v64q0 14-9 23t-23 9H416q-14 0-23-9t-9-23v-64q0-14 9-23t23-9h704z\"><\/path>\n    <\/svg><\/span><\/div>\n                <div data-colibri-id=\"72-c18\" class=\"h-global-transition-all h-heading style-243 style-local-72-c18 position-relative h-element\">\n                  <!---->\n                  <div class=\"h-heading__outer style-243 style-local-72-c18\">\n                    <!---->\n                    <!---->\n                    <h5 class=\"\">registro no cau\/br<\/h5>\n                  <\/div>\n                <\/div>\n                <div data-colibri-id=\"72-c19\" class=\"h-text h-text-component style-244 style-local-72-c19 position-relative h-element\">\n                  <!---->\n                  <!---->\n                  <div class=\"\">\n                    <p><span style=\"color: rgb(70, 112, 127); font-family: &quot;Open Sans&quot;; font-size: 16px; font-weight: 400;\">Empresa regularizada e registrada no CAU\/BR (Conselho de Arquitetura e Urbanismo<\/span><\/p>\n                  <\/div>\n                <\/div>\n              <\/div>\n            <\/div>\n          <\/div>\n        <\/div>\n      <\/div>\n    <\/div>\n  <\/div>\n  <div data-colibri-component=\"section\" data-colibri-id=\"72-c20\" id=\"redes-sociais\" class=\"h-section h-section-global-spacing d-flex align-items-lg-center align-items-md-center align-items-center style-252 style-local-72-c20 position-relative\">\n    <!---->\n    <!---->\n    <div class=\"h-section-grid-container h-section-boxed-container\">\n      <!---->\n      <div data-colibri-id=\"72-c21\" class=\"h-row-container gutters-row-lg-2 gutters-row-md-2 gutters-row-0 gutters-row-v-lg-2 gutters-row-v-md-2 gutters-row-v-2 style-253 style-local-72-c21 position-relative\">\n        <!---->\n        <div class=\"h-row justify-content-lg-center justify-content-md-center justify-content-center align-items-lg-stretch align-items-md-stretch align-items-stretch gutters-col-lg-2 gutters-col-md-2 gutters-col-0 gutters-col-v-lg-2 gutters-col-v-md-2 gutters-col-v-2\">\n          <!---->\n          <div class=\"h-column h-column-container d-flex h-col-lg-auto h-col-md-auto h-col-auto style-254-outer style-local-72-c22-outer\">\n            <div data-colibri-id=\"72-c22\" class=\"d-flex h-flex-basis h-column__inner h-px-lg-2 h-px-md-2 h-px-2 v-inner-lg-2 v-inner-md-2 v-inner-2 style-254 style-local-72-c22 position-relative\">\n              <!---->\n              <!---->\n              <div class=\"w-100 h-y-container h-column__content h-column__v-align flex-basis-100 align-self-lg-start align-self-md-start align-self-start\">\n                <!---->\n                <div data-colibri-id=\"72-c23\" class=\"style-256 style-local-72-c23 position-relative h-element\">\n                  <!---->\n                  <div class=\"d-flex flex-wrap h-social-icons justify-content-lg-center justify-content-md-center justify-content-center\">\n                    <div class=\"social-icon-container d-inline-flex\">\n                      <a href=\"https:\/\/api.whatsapp.com\/send?phone=553135869402\" h-use-smooth-scroll=\"true\">\n                        <div class=\"icon-container h-social-icon h-global-transition\">\n                          <div class=\"h-icon-svg\" style=\"width: 100%; height: 100%;\">\n                            <!--Icon by Socicon (http:\/\/www.socicon.com)-->\n                            <svg version=\"1.1\" xmlns=\"http:\/\/www.w3.org\/2000\/svg\" viewBox=\"0 0 1500 1500\">\n\n                              <path d=\"M1280.273 216.797c-140.625-140.625-328.125-216.797-527.344-216.797-410.156 0-744.141 333.984-744.141 744.141 0 128.906 35.156 257.813 99.609 372.070l-105.469 383.789 395.508-102.539c108.398 58.594 228.516 90.82 354.492 90.82v0c0 0 0 0 0 0 410.156 0 744.141-333.984 744.141-744.141 0-199.219-76.172-386.719-216.797-527.344zM752.93 1362.305v0c-111.328 0-219.727-29.297-313.477-87.891l-23.438-11.719-234.375 61.523 61.523-228.516-14.648-23.438c-61.523-99.609-93.75-210.938-93.75-328.125 0-342.773 278.32-618.164 618.164-618.164 164.063 0 319.336 64.453 436.523 181.641s181.641 272.461 181.641 436.523c0 339.844-278.32 618.164-618.164 618.164zM1092.773 899.414c-20.508-8.789-111.328-55.664-128.906-61.523-14.648-5.859-29.297-8.789-41.016 8.789-11.719 20.508-46.875 61.523-58.594 73.242s-20.508 14.648-41.016 5.859c-17.578-8.789-76.172-29.297-149.414-93.75-52.734-46.875-90.82-108.398-102.539-128.906-11.719-17.578 0-26.367 8.789-38.086 8.789-5.859 17.578-20.508 26.367-32.227 11.719-8.789 14.648-17.578 20.508-29.297s2.93-23.438-2.93-32.227c-2.93-8.789-41.016-102.539-55.664-137.695-17.578-38.086-32.227-32.227-43.945-32.227-8.789 0-23.438 0-35.156 0s-32.227 2.93-49.805 20.508c-17.578 20.508-64.453 64.453-64.453 155.273 0 93.75 67.383 181.641 76.172 193.359s131.836 199.219 316.406 281.25c43.945 17.578 79.102 29.297 105.469 38.086 46.875 14.648 84.961 11.719 117.188 8.789 38.086-5.859 111.328-46.875 125.977-90.82 17.578-41.016 17.578-79.102 11.719-87.891-5.859-5.859-17.578-11.719-35.156-20.508z\"><\/path>\n                            <\/svg>\n                          <\/div>\n                        <\/div>\n                      <\/a>\n                    <\/div>\n                    <div class=\"social-icon-container d-inline-flex\">\n                      <a href=\"https:\/\/marinhogoulartavaliacoes.com.br\/\" h-use-smooth-scroll=\"true\">\n                        <div class=\"icon-container h-social-icon h-global-transition\">\n                          <div class=\"h-icon-svg\" style=\"width: 100%; height: 100%;\">\n                            <!--Icon by Socicon (http:\/\/www.socicon.com)-->\n                            <svg version=\"1.1\" xmlns=\"http:\/\/www.w3.org\/2000\/svg\" viewBox=\"0 0 1500 1500\">\n\n                              <path d=\"M750 134.766c202.148 0 222.656 2.93 301.758 5.859 76.172 2.93 114.258 14.648 140.625 23.438 35.156 14.648 61.523 32.227 84.961 55.664 26.367 26.367 43.945 52.734 55.664 84.961 11.719 29.297 23.438 67.383 26.367 140.625 2.93 82.031 5.859 102.539 5.859 304.688s-2.93 222.656-5.859 301.758c-2.93 76.172-14.648 114.258-23.438 140.625-14.648 35.156-32.227 61.523-55.664 84.961-26.367 26.367-52.734 43.945-84.961 55.664-29.297 11.719-67.383 23.438-140.625 26.367-82.031 2.93-102.539 5.859-304.688 5.859s-222.656-2.93-301.758-5.859c-76.172-2.93-114.258-14.648-140.625-23.438-35.156-14.648-61.523-32.227-84.961-55.664-26.367-26.367-43.945-52.734-55.664-84.961-11.719-29.297-23.438-67.383-26.367-140.625-2.93-82.031-5.859-102.539-5.859-304.688s2.93-222.656 5.859-301.758c2.93-76.172 14.648-114.258 23.438-140.625 14.648-35.156 32.227-61.523 55.664-84.961 26.367-26.367 52.734-43.945 84.961-55.664 29.297-11.719 67.383-23.438 140.625-26.367 82.031-2.93 102.539-5.859 304.688-5.859M750 0c-205.078 0-228.516 2.93-307.617 5.859-82.031 2.93-137.695 14.648-181.641 32.227-49.805 20.508-93.75 46.875-134.766 87.891s-67.383 84.961-87.891 134.766c-17.578 46.875-29.297 99.609-32.227 181.641-2.93 79.102-5.859 102.539-5.859 307.617s2.93 228.516 5.859 307.617c2.93 82.031 14.648 137.695 32.227 181.641 20.508 49.805 46.875 93.75 87.891 134.766s84.961 67.383 134.766 87.891c46.875 17.578 99.609 29.297 181.641 32.227 79.102 2.93 102.539 5.859 307.617 5.859s228.516-2.93 307.617-5.859c82.031-2.93 137.695-14.648 181.641-32.227 49.805-20.508 93.75-46.875 134.766-87.891s67.383-84.961 87.891-134.766c17.578-46.875 29.297-99.609 32.227-181.641 2.93-79.102 5.859-102.539 5.859-307.617s-2.93-228.516-5.859-307.617c-2.93-82.031-14.648-137.695-32.227-181.641-20.508-49.805-46.875-93.75-87.891-134.766s-84.961-67.383-134.766-87.891c-46.875-17.578-99.609-29.297-181.641-32.227-79.102-2.93-102.539-5.859-307.617-5.859zM750 363.281c-213.867 0-386.719 172.852-386.719 386.719s172.852 386.719 386.719 386.719c213.867 0 386.719-172.852 386.719-386.719s-172.852-386.719-386.719-386.719zM750 1001.953c-137.695 0-251.953-114.258-251.953-251.953s114.258-251.953 251.953-251.953c137.695 0 251.953 114.258 251.953 251.953s-114.258 251.953-251.953 251.953zM1239.258 348.633c0 49.805-38.086 90.82-87.891 90.82s-90.82-41.016-90.82-90.82c0-49.805 41.016-87.891 90.82-87.891s87.891 38.086 87.891 87.891z\"><\/path>\n                            <\/svg>\n                          <\/div>\n                        <\/div>\n                      <\/a>\n                    <\/div>\n                  <\/div>\n                <\/div>\n              <\/div>\n            <\/div>\n          <\/div>\n        <\/div>\n      <\/div>\n    <\/div>\n  <\/div>\n  <div data-colibri-component=\"section\" data-colibri-id=\"72-c40\" id=\"custom\" class=\"h-section h-section-global-spacing d-flex align-items-lg-center align-items-md-center align-items-center style-283 style-local-72-c40 position-relative\">\n    <!---->\n    <!---->\n    <div class=\"h-section-grid-container h-section-boxed-container\">\n      <!---->\n      <div data-colibri-id=\"72-c50\" class=\"h-row-container gutters-row-lg-2 gutters-row-md-2 gutters-row-0 gutters-row-v-lg-2 gutters-row-v-md-2 gutters-row-v-2 style-294 style-local-72-c50 position-relative\">\n        <!---->\n        <div class=\"h-row justify-content-lg-center justify-content-md-center justify-content-center align-items-lg-stretch align-items-md-stretch align-items-stretch gutters-col-lg-2 gutters-col-md-2 gutters-col-0 gutters-col-v-lg-2 gutters-col-v-md-2 gutters-col-v-2\">\n          <!---->\n          <div class=\"h-column h-column-container d-flex h-col-lg-12 h-col-md-12 h-col-12 style-299-outer style-local-72-c54-outer\">\n            <div data-colibri-id=\"72-c54\" class=\"d-flex h-flex-basis h-column__inner h-px-lg-1 h-px-md-1 h-px-1 v-inner-lg-1 v-inner-md-1 v-inner-1 style-299 style-local-72-c54 position-relative\">\n              <!---->\n              <!---->\n              <div class=\"w-100 h-y-container h-column__content h-column__v-align flex-basis-100 align-self-lg-center align-self-md-center align-self-center\">\n                <!---->\n                <div data-colibri-id=\"72-c56\" class=\"h-global-transition-all h-heading style-301 style-local-72-c56 position-relative h-element\">\n                  <!---->\n                  <div class=\"h-heading__outer style-301 style-local-72-c56\">\n                    <!---->\n                    <!---->\n                    <h4 class=\"\">Deixe seus dados que entraremos em contato com voc\u00ea!<\/h4>\n                  <\/div>\n                <\/div>\n              <\/div>\n            <\/div>\n          <\/div>\n        <\/div>\n      <\/div>\n      <div data-colibri-id=\"72-c43\" class=\"h-row-container gutters-row-lg-2 gutters-row-md-2 gutters-row-0 gutters-row-v-lg-2 gutters-row-v-md-2 gutters-row-v-2 style-288 style-local-72-c43 position-relative\">\n        <!---->\n        <div class=\"h-row justify-content-lg-center justify-content-md-center justify-content-center align-items-lg-stretch align-items-md-stretch align-items-stretch gutters-col-lg-2 gutters-col-md-2 gutters-col-0 gutters-col-v-lg-2 gutters-col-v-md-2 gutters-col-v-2\">\n          <!---->\n          <div class=\"h-column h-column-container d-flex h-col-lg-auto h-col-md-auto h-col-auto style-289-outer style-local-72-c44-outer\">\n            <div data-colibri-id=\"72-c44\" class=\"d-flex h-flex-basis h-column__inner h-px-lg-2 h-px-md-2 h-px-2 v-inner-lg-2 v-inner-md-2 v-inner-2 style-289 style-local-72-c44 position-relative\">\n              <!---->\n              <!---->\n              <div class=\"w-100 h-y-container h-column__content h-column__v-align flex-basis-100 align-self-lg-start align-self-md-start align-self-start\">\n                <!---->\n                <div data-colibri-id=\"72-c45\" class=\"h-contact-form__outer--forminator style-287 style-local-72-c45 position-relative h-element\">\n                  <!---->\n                  <div class=\"h-global-transition-all h-global-transition h-global-transition-all h-contact-form-shortcode\"><div class=\"forminator-ui forminator-custom-form forminator-custom-form-206 forminator-design--default  forminator_ajax\" data-forminator-render=\"0\" data-form=\"forminator-module-206\" data-uid=\"69d58e55478ea\"><br\/><\/div><form\n\t\t\t\tid=\"forminator-module-206\"\n\t\t\t\tclass=\"forminator-ui forminator-custom-form forminator-custom-form-206 forminator-design--default  forminator_ajax\"\n\t\t\t\tmethod=\"post\"\n\t\t\t\tdata-forminator-render=\"0\"\n\t\t\t\tdata-form-id=\"206\"\n\t\t\t\t\n\t\t\t\tdata-design=\"default\"\n\t\t\t\t\n\t\t\t\t\n\t\t\t\t\n\t\t\t\tdata-grid=\"open\"\n\t\t\t\t\n\t\t\t\t\n\t\t\t\tstyle=\"display: none;\"\n\t\t\t\t\n\t\t\t\tdata-uid=\"69d58e55478ea\"\n\t\t\t><div role=\"alert\" aria-live=\"polite\" class=\"forminator-response-message forminator-error\" aria-hidden=\"true\"><\/div><div class=\"forminator-row\"><div id=\"name-1\" class=\"forminator-field-name forminator-col forminator-col-12 \"><div class=\"forminator-field\"><label for=\"forminator-field-name-1_69d58e55478ea\" id=\"forminator-field-name-1_69d58e55478ea-label\" class=\"forminator-label\">Nome <span class=\"forminator-required\">*<\/span><\/label><input type=\"text\" name=\"name-1\" value=\"\" placeholder=\"\" id=\"forminator-field-name-1_69d58e55478ea\" class=\"forminator-input forminator-name--field\" aria-required=\"true\" \/><\/div><\/div><\/div><div class=\"forminator-row\"><div id=\"email-1\" class=\"forminator-field-email forminator-col forminator-col-12 \"><div class=\"forminator-field\"><label for=\"forminator-field-email-1_69d58e55478ea\" id=\"forminator-field-email-1_69d58e55478ea-label\" class=\"forminator-label\">Endere\u00e7o de E-mail <span class=\"forminator-required\">*<\/span><\/label><input type=\"email\" name=\"email-1\" value=\"\" placeholder=\"E.x. voce@gmail.com\" id=\"forminator-field-email-1_69d58e55478ea\" class=\"forminator-input forminator-email--field\" data-required=\"1\" aria-required=\"true\" \/><\/div><\/div><\/div><div class=\"forminator-row\"><div id=\"phone-1\" class=\"forminator-field-phone forminator-col forminator-col-12 \"><div class=\"forminator-field\"><label for=\"forminator-field-phone-1_69d58e55478ea\" id=\"forminator-field-phone-1_69d58e55478ea-label\" class=\"forminator-label\">Telefone <span class=\"forminator-required\">*<\/span><\/label><input type=\"text\" name=\"phone-1\" value=\"\" placeholder=\"E.x. (xx)XXXX-XXXX\" id=\"forminator-field-phone-1_69d58e55478ea\" class=\"forminator-input forminator-field--phone\" data-required=\"1\" aria-required=\"true\" autocomplete=\"off\" data-national_mode=\"enabled\" data-country=\"br\" data-validation=\"standard\" \/><\/div><\/div><\/div><div class=\"forminator-row\"><div id=\"textarea-1\" class=\"forminator-field-textarea forminator-col forminator-col-12 \"><div class=\"forminator-field\"><label for=\"forminator-field-textarea-1_69d58e55478ea\" id=\"forminator-field-textarea-1_69d58e55478ea-label\" class=\"forminator-label\">Mensagem<\/label><textarea name=\"textarea-1\" placeholder=\"Escreva sua mensagem\" id=\"forminator-field-textarea-1_69d58e55478ea\" class=\"forminator-textarea\" rows=\"6\" style=\"min-height:140px;\" maxlength=\"180\" ><\/textarea><span id=\"forminator-field-textarea-1_69d58e55478ea-description\" class=\"forminator-description\"><span data-limit=\"180\" data-type=\"characters\">0 \/ 180<\/span><\/span><\/div><\/div><\/div><input type=\"hidden\" name=\"referer_url\" value=\"\" \/><div class=\"forminator-row forminator-row-last\"><div class=\"forminator-col\"><div class=\"forminator-field\"><button class=\"forminator-button forminator-button-submit\">Enviar mensagem<\/button><\/div><\/div><\/div><input type=\"hidden\" id=\"forminator_nonce\" name=\"forminator_nonce\" value=\"98ff07ac79\" \/><input type=\"hidden\" name=\"_wp_http_referer\" value=\"\/index.php\/wp-json\/wp\/v2\/pages\/72\" \/><input type=\"hidden\" name=\"form_id\" value=\"206\"><input type=\"hidden\" name=\"page_id\" value=\"72\"><input type=\"hidden\" name=\"form_type\" value=\"default\"><input type=\"hidden\" name=\"current_url\" value=\"https:\/\/marinhogoulartavaliacoes.com.br\/\"><input type=\"hidden\" name=\"render_id\" value=\"0\"><input type=\"hidden\" name=\"action\" value=\"forminator_submit_form_custom-forms\"><\/form><\/div>\n                <\/div>\n              <\/div>\n            <\/div>\n          <\/div>\n        <\/div>\n      <\/div>\n    <\/div>\n  <\/div>\n<\/div>","protected":false},"excerpt":{"rendered":"<p>valor do im\u00f3vel Avalia\u00e7\u00f5es de valor de acordo com a NBR 14.653 Laudos Laudos de Avalia\u00e7\u00e3o de valor, Laudo de patologias e Laudo de Estado de Conserva\u00e7\u00e3o. vistorias Vistoria por profissional habilitado para emiss\u00e3o dos laudos e CLCB registro no cau\/br Empresa regularizada e registrada no CAU\/BR (Conselho de Arquitetura e Urbanismo Deixe seus dados [&hellip;]<\/p>\n","protected":false},"author":1,"featured_media":0,"parent":0,"menu_order":0,"comment_status":"closed","ping_status":"closed","template":"page-templates\/homepage.php","meta":{"footnotes":""},"class_list":["post-72","page","type-page","status-publish","hentry"],"_links":{"self":[{"href":"https:\/\/marinhogoulartavaliacoes.com.br\/index.php\/wp-json\/wp\/v2\/pages\/72","targetHints":{"allow":["GET"]}}],"collection":[{"href":"https:\/\/marinhogoulartavaliacoes.com.br\/index.php\/wp-json\/wp\/v2\/pages"}],"about":[{"href":"https:\/\/marinhogoulartavaliacoes.com.br\/index.php\/wp-json\/wp\/v2\/types\/page"}],"author":[{"embeddable":true,"href":"https:\/\/marinhogoulartavaliacoes.com.br\/index.php\/wp-json\/wp\/v2\/users\/1"}],"replies":[{"embeddable":true,"href":"https:\/\/marinhogoulartavaliacoes.com.br\/index.php\/wp-json\/wp\/v2\/comments?post=72"}],"version-history":[{"count":13,"href":"https:\/\/marinhogoulartavaliacoes.com.br\/index.php\/wp-json\/wp\/v2\/pages\/72\/revisions"}],"predecessor-version":[{"id":208,"href":"https:\/\/marinhogoulartavaliacoes.com.br\/index.php\/wp-json\/wp\/v2\/pages\/72\/revisions\/208"}],"wp:attachment":[{"href":"https:\/\/marinhogoulartavaliacoes.com.br\/index.php\/wp-json\/wp\/v2\/media?parent=72"}],"curies":[{"name":"wp","href":"https:\/\/api.w.org\/{rel}","templated":true}]}}