{"id":43,"date":"2024-07-24T13:57:50","date_gmt":"2024-07-24T16:57:50","guid":{"rendered":"https:\/\/marinhogoulartavaliacoes.com.br\/?page_id=43"},"modified":"2024-07-24T14:18:09","modified_gmt":"2024-07-24T17:18:09","slug":"quem-somos","status":"publish","type":"page","link":"https:\/\/marinhogoulartavaliacoes.com.br\/index.php\/quem-somos\/","title":{"rendered":"Quem Somos"},"content":{"rendered":"\n<p>A Marinho Goulart Avalia\u00e7\u00f5es \u00e9 uma empresa focada na emiss\u00e3o de laudos de vistoria de im\u00f3veis, seja para fins de avalia\u00e7\u00e3o de valor ou de estado de conserva\u00e7\u00e3o. <\/p>\n\n\n\n<p>Contamos com uma equipe de profissionais experiente para atend\u00ea-lo na sua necessidade, para a preserva\u00e7\u00e3o e manuten\u00e7\u00e3o do seu patrim\u00f4nio.<\/p>\n\n\n\n<p>Possu\u00edmos Registro no CAU (Conselho de Arquitetura e Urbanismo do Brasil)<\/p>\n\n\n\n<p>Respons\u00e1vel T\u00e9cnica: Arq. Dra. Mariana Silveira de Barros Ribeiro<\/p>\n\n\n\n<div class=\"wp-block-buttons is-layout-flex wp-block-buttons-is-layout-flex\">\n<div class=\"wp-block-button is-style-secondary\"><a class=\"wp-block-button__link wp-element-button\">CAU<\/a><\/div>\n<\/div>\n\n\n\n<p><\/p>\n","protected":false},"excerpt":{"rendered":"<p>A Marinho Goulart Avalia\u00e7\u00f5es \u00e9 uma empresa focada na emiss\u00e3o de laudos de vistoria de im\u00f3veis, seja para fins de avalia\u00e7\u00e3o de valor ou de estado de conserva\u00e7\u00e3o. Contamos com uma equipe de profissionais experiente para atend\u00ea-lo na sua necessidade, para a preserva\u00e7\u00e3o e manuten\u00e7\u00e3o do seu patrim\u00f4nio. Possu\u00edmos Registro no CAU (Conselho de Arquitetura [&hellip;]<\/p>\n","protected":false},"author":1,"featured_media":0,"parent":0,"menu_order":0,"comment_status":"closed","ping_status":"closed","template":"","meta":{"footnotes":""},"class_list":["post-43","page","type-page","status-publish","hentry"],"_links":{"self":[{"href":"https:\/\/marinhogoulartavaliacoes.com.br\/index.php\/wp-json\/wp\/v2\/pages\/43","targetHints":{"allow":["GET"]}}],"collection":[{"href":"https:\/\/marinhogoulartavaliacoes.com.br\/index.php\/wp-json\/wp\/v2\/pages"}],"about":[{"href":"https:\/\/marinhogoulartavaliacoes.com.br\/index.php\/wp-json\/wp\/v2\/types\/page"}],"author":[{"embeddable":true,"href":"https:\/\/marinhogoulartavaliacoes.com.br\/index.php\/wp-json\/wp\/v2\/users\/1"}],"replies":[{"embeddable":true,"href":"https:\/\/marinhogoulartavaliacoes.com.br\/index.php\/wp-json\/wp\/v2\/comments?post=43"}],"version-history":[{"count":0,"href":"https:\/\/marinhogoulartavaliacoes.com.br\/index.php\/wp-json\/wp\/v2\/pages\/43\/revisions"}],"wp:attachment":[{"href":"https:\/\/marinhogoulartavaliacoes.com.br\/index.php\/wp-json\/wp\/v2\/media?parent=43"}],"curies":[{"name":"wp","href":"https:\/\/api.w.org\/{rel}","templated":true}]}}